{"id":1708,"date":"2023-06-26T14:10:46","date_gmt":"2023-06-26T12:10:46","guid":{"rendered":"https:\/\/actfornow.fr\/?page_id=1708"},"modified":"2025-10-30T08:14:15","modified_gmt":"2025-10-30T07:14:15","slug":"accueil","status":"publish","type":"page","link":"https:\/\/actfornow.fr\/en\/","title":{"rendered":"Accueil"},"content":{"rendered":"\t<!--[bloc_accueil_header]-->\r\n\t<section class=\"background-violet_clair2 full-width\">\r\n\t\t<div class=\"container bloc_accueil_header_grid\">\t\t\r\n\t\t\t<div class=\"bloc_accueil_header_image\" >\r\n\t\t\t\t<img decoding=\"async\" class=\"bloc_accueil_header_image\" src=\"https:\/\/actfornow.fr\/wp-content\/uploads\/2025\/02\/Picto_cat_RSE.svg\">\r\n\t\t\t<\/div>\r\n\t\t\t<div class=\"align-left bloc_accueil_header_title\">\r\n\t\t\t<span class=\"h1 color-violet\">Act For Now<\/span>\r\n<br><span class=\"h1\">Boost your CSR strategy<\/span>\r\n<br><p class=\"bloc_accueil_header_subtitle\">We provide a wild range of consulting services to design your CSR strategy, measure your environnemental impacts and ensure your compliance (CSRD, GRI, EcoVadis).<\/p>\t\t\t<a class=\"btn btn-violet mb20\" href=\"\/contactez-nous\/\">Talk to an expert<\/a>\r\n\t\t\t\r\n\t\t\t<\/div>\r\n\t\t<\/div>\r\n\r\n\t<\/section>\r\n    \n<h2 style=\"text-align: center;\">Our sustainability services<\/h2>\n<p style=\"text-align: left;\">\n\t<!--[bloc_solutions_bloc_solutions]-->\r\n\t<section class=\"bloc bloc_solutions container pt0 pb20\">\r\n\t\t<h2 class=\"align-center\"><\/h2> \r\n\t\t\t\t\t\r\n\t\t<div class=\"align-center\"><\/div>\r\n\t\t<div class=\"bloc_solutions_items pt0\">\r\n\t\t\t\t\t\t\t<div class=\"bloc_solutions_items_item shadow-box bg-gris p40\">\r\n\t\t\t\t\t\t\t\t\t\t\t<img decoding=\"async\" src=\"https:\/\/actfornow.fr\/wp-content\/uploads\/2023\/10\/Picto_solution_regeneratif.svg\" class=\"align-center-image bloc_solutions_items_item_image image-svg\" alt=\"\" title=\"Picto_solution_r\u00e9g\u00e9n\u00e9ratif\" \/>\t\t\t\t\t\t<h2 class=\"pt0 mt10\">Boost your CSR strategy<\/h3>\r\n\t\t\t\t\t\t\t<div class=\"list-arrow\"><ul>\n<li style=\"text-align: left;\">Overall strategy<\/li>\n<li style=\"text-align: left;\">CSRD &amp; Double materiality assessment<\/li>\n<li style=\"text-align: left;\"><span data-scheme-color=\"@000000,1,\" data-usefontface=\"true\" data-contrast=\"none\">Extra-financial Report<\/span><\/li>\n<li style=\"text-align: left;\">Ecovadis assessment<\/li>\n<\/ul>\n<\/div>\r\n\t\t\t\t\t\t\t\r\n\t\t\t\t\t\t\t\t\t<\/div>\r\n\t\t\t\t\t\t\t<div class=\"bloc_solutions_items_item shadow-box bg-gris p40\">\r\n\t\t\t\t\t\t\t\t\t\t\t<img decoding=\"async\" src=\"https:\/\/actfornow.fr\/wp-content\/uploads\/2023\/11\/Picto_solution_BC.svg\" class=\"align-center-image bloc_solutions_items_item_image image-svg\" alt=\"\" title=\"Picto_solution_BC\" \/>\t\t\t\t\t\t<h2 class=\"pt0 mt10\">Reduce your carbon footprint<\/h3>\r\n\t\t\t\t\t\t\t<div class=\"list-arrow\"><ul>\n<li style=\"text-align: left;\">GHG Assessment<\/li>\n<li style=\"text-align: left;\">Life Cycle Assessment\u200b<\/li>\n<li style=\"text-align: left;\">Carbon offsetting<\/li>\n<li style=\"text-align: left;\">Regenerative Business<\/li>\n<\/ul>\n<\/div>\r\n\t\t\t\t\t\t\t\r\n\t\t\t\t\t\t\t\t\t<\/div>\r\n\t\t\t\t\t\t\t<div class=\"bloc_solutions_items_item shadow-box bg-gris p40\">\r\n\t\t\t\t\t\t\t\t\t\t\t<img decoding=\"async\" src=\"https:\/\/actfornow.fr\/wp-content\/uploads\/2023\/10\/Picto_cat_Changement.svg\" class=\"align-center-image bloc_solutions_items_item_image image-svg\" alt=\"\" title=\"Picto_cat_Changement\" \/>\t\t\t\t\t\t<h2 class=\"pt0 mt10\">Mobilise your teams<\/h3>\r\n\t\t\t\t\t\t\t<div class=\"list-arrow\"><ul>\n<li style=\"text-align: left;\">Change management<\/li>\n<li style=\"text-align: left;\"><span data-scheme-color=\"@000000,1,\" data-usefontface=\"true\" data-contrast=\"none\">Custom trainings<\/span><\/li>\n<li style=\"text-align: left;\">Awareness-raising workshops<\/li>\n<\/ul>\n<\/div>\r\n\t\t\t\t\t\t\t\r\n\t\t\t\t\t\t\t\t\t<\/div>\r\n\t\t\t\t\t<\/div>\r\n\t\t<\/div>\r\n\t<\/section>\r\n    <br \/>\n\t<!--[bloc_accueil_qui]-->\r\n\t<section class=\"bloc bloc_accueil_qui container pv30\">\r\n\t\t<div class=\"align-center\"><\/div>\r\n\t\t<h2 class=\"align-center\">Who are we ?<\/h2>\r\n\t\t<div class=\"align-center\"><p>&#8220;Our ambition is to accelerate ecological and social transitions within companies and organizations&#8221;.<\/p>\n<p>Act for Now (formerly Greendeed.fr) is an ESG consultancy specializing in sustainable development and CSR: strategy, training, deployment, awareness-raising and change management.<\/p>\n<\/div>\r\n\t\t\t<\/section>\r\n    <br \/>\n\t<!--[bloc_logos]-->\r\n\t<section class=\"bloc bloc_logos container pv30 align-center\">\r\n\t\t\t<h3 class=\"color-violet\">They already trust us !<\/h3>\r\n\t\t<h2 class=\"\">References<\/h2>\r\n\t\t\t<div class=\"bloc_logos_items_container p20\">\r\n\t\t\t<div class=\"bloc_logos_items flex flex-wrap flex-centerv flex-centerh gap-20\">\r\n\t\t\t\t\t\t\t\t\t\r\n\t\t\t\t\t\r\n\t\t\t\t\t<img loading=\"lazy\" decoding=\"async\" width=\"209\" height=\"80\" src=\"https:\/\/actfornow.fr\/wp-content\/uploads\/2023\/08\/Logo_client_AXA.png\" class=\"bloc_logos_items_image m10\" alt=\"\" title=\"Logo_client_AXA\" \/>\t\t\t\t\t\r\n\t\t\t\t\t\r\n\t\t\t\t\t\t\t\t\t\r\n\t\t\t\t\t\r\n\t\t\t\t\t<img loading=\"lazy\" decoding=\"async\" width=\"108\" height=\"44\" src=\"https:\/\/actfornow.fr\/wp-content\/uploads\/2023\/06\/maison-du-monde-logo.png\" class=\"bloc_logos_items_image m10\" alt=\"\" title=\"maison du monde logo\" \/>\t\t\t\t\t\r\n\t\t\t\t\t\r\n\t\t\t\t\t\t\t\t\t\r\n\t\t\t\t\t\r\n\t\t\t\t\t<img loading=\"lazy\" decoding=\"async\" width=\"130\" height=\"80\" src=\"https:\/\/actfornow.fr\/wp-content\/uploads\/2023\/08\/Logo_Universite_Grenoble_Alpes_2020.svg.png\" class=\"bloc_logos_items_image m10\" alt=\"UGA\" title=\"Logo_Universit\u00e9_Grenoble_Alpes_2020.svg\" \/>\t\t\t\t\t\r\n\t\t\t\t\t\r\n\t\t\t\t\t\t\t\t\t\r\n\t\t\t\t\t\r\n\t\t\t\t\t<img loading=\"lazy\" decoding=\"async\" width=\"154\" height=\"80\" src=\"https:\/\/actfornow.fr\/wp-content\/uploads\/2023\/09\/logo_OMG.png\" class=\"bloc_logos_items_image m10\" alt=\"\" title=\"logo_OMG\" \/>\t\t\t\t\t\r\n\t\t\t\t\t\r\n\t\t\t\t\t\t\t\t\t\r\n\t\t\t\t\t\r\n\t\t\t\t\t<img loading=\"lazy\" decoding=\"async\" width=\"229\" height=\"80\" src=\"https:\/\/actfornow.fr\/wp-content\/uploads\/2023\/11\/logo_metropole.png\" class=\"bloc_logos_items_image m10\" alt=\"\" title=\"logo_metropole\" \/>\t\t\t\t\t\r\n\t\t\t\t\t\r\n\t\t\t\t\t\t\t\t\t\r\n\t\t\t\t\t\r\n\t\t\t\t\t<img loading=\"lazy\" decoding=\"async\" width=\"186\" height=\"80\" src=\"https:\/\/actfornow.fr\/wp-content\/uploads\/2023\/08\/lejTqIFugtGNxusmHAjvZUnJaUBVz80CYhdQpnQv-e1699613493717.png\" class=\"bloc_logos_items_image m10\" alt=\"\" title=\"FrancePB\" \/>\t\t\t\t\t\r\n\t\t\t\t\t\r\n\t\t\t\t\t\t\t\t\t\r\n\t\t\t\t\t\r\n\t\t\t\t\t<img loading=\"lazy\" decoding=\"async\" width=\"237\" height=\"80\" src=\"https:\/\/actfornow.fr\/wp-content\/uploads\/2023\/11\/Logo_trajectoire_tourisme.png\" class=\"bloc_logos_items_image m10\" alt=\"\" title=\"Logo_trajectoire_tourisme\" \/>\t\t\t\t\t\r\n\t\t\t\t\t\r\n\t\t\t\t\t\t\t\t\t\r\n\t\t\t\t\t\r\n\t\t\t\t\t<img loading=\"lazy\" decoding=\"async\" width=\"288\" height=\"80\" src=\"https:\/\/actfornow.fr\/wp-content\/uploads\/2023\/11\/1280px-Logo_Vinci.svg.png\" class=\"bloc_logos_items_image m10\" alt=\"\" title=\"1280px-Logo_Vinci.svg\" \/>\t\t\t\t\t\r\n\t\t\t\t\t\r\n\t\t\t\t\t\t\t\t\t\r\n\t\t\t\t\t\r\n\t\t\t\t\t<img loading=\"lazy\" decoding=\"async\" width=\"238\" height=\"80\" src=\"https:\/\/actfornow.fr\/wp-content\/uploads\/2023\/11\/1200px-Engie_logo.svg.png\" class=\"bloc_logos_items_image m10\" alt=\"\" title=\"engie_logo.svg\" \/>\t\t\t\t\t\r\n\t\t\t\t\t\r\n\t\t\t\t\t\t\t\t\r\n\t\t\t<\/div>\r\n\t\t\t\r\n\t\t<\/div>\r\n\t\t\r\n\t<\/section>\r\n    <br \/>\n\t<!--[bloc_resultats]-->\r\n\t<section class=\"bloc bloc_resultats container mt30 pv50\">\r\n\t\t<div class=\"align-center\"><img loading=\"lazy\" decoding=\"async\" width=\"118\" height=\"40\" src=\"https:\/\/actfornow.fr\/wp-content\/uploads\/2023\/06\/Frame-63.png\" class=\"\" alt=\"\" title=\"Frame 63\" \/><\/div>\r\n\t\t<h2 class=\"align-center color-violet\">Ready to get results and boost your CSR Strategy ? <\/h2>\r\n\t\t<div class=\"align-center\"><p>Schedule a meeting with one of our CSR experts to build your initial diagnosis.<\/p>\n<\/div>\r\n\t\t<div class=\"align-center pv60\"><a target=\"blank\" href=\"https:\/\/outlook.office365.com\/book\/RendezVous@actfornow.onmicrosoft.com\/\" class=\"btn\">Schedule a meeting<\/a><\/div>\r\n\t<\/section>\r\n    <\/p>\n","protected":false},"excerpt":{"rendered":"<p>Our sustainability services<\/p>\n","protected":false},"author":1,"featured_media":0,"parent":0,"menu_order":0,"comment_status":"closed","ping_status":"closed","template":"","meta":{"_acf_changed":false,"iawp_total_views":4731,"footnotes":""},"class_list":["post-1708","page","type-page","status-publish","hentry"],"acf":[],"yoast_head":"<!-- This site is optimized with the Yoast SEO plugin v21.6 - https:\/\/yoast.com\/wordpress\/plugins\/seo\/ -->\n<title>Accueil - Act For Now<\/title>\n<meta name=\"robots\" content=\"index, follow, max-snippet:-1, max-image-preview:large, max-video-preview:-1\" \/>\n<link rel=\"canonical\" href=\"https:\/\/actfornow.fr\/en\/\" \/>\n<meta property=\"og:locale\" content=\"en_US\" \/>\n<meta property=\"og:type\" content=\"article\" \/>\n<meta property=\"og:title\" content=\"Accueil - Act For Now\" \/>\n<meta property=\"og:description\" content=\"Our sustainability services\" \/>\n<meta property=\"og:url\" content=\"https:\/\/actfornow.fr\/en\/\" \/>\n<meta property=\"og:site_name\" content=\"Act For Now\" \/>\n<meta property=\"article:modified_time\" content=\"2025-10-30T07:14:15+00:00\" \/>\n<meta name=\"twitter:card\" content=\"summary_large_image\" \/>\n<meta name=\"twitter:label1\" content=\"Est. reading time\" \/>\n\t<meta name=\"twitter:data1\" content=\"1 minute\" \/>\n<script type=\"application\/ld+json\" class=\"yoast-schema-graph\">{\"@context\":\"https:\/\/schema.org\",\"@graph\":[{\"@type\":[\"Article\",\"BlogPosting\"],\"@id\":\"https:\/\/actfornow.fr\/en\/#article\",\"isPartOf\":{\"@id\":\"https:\/\/actfornow.fr\/en\/\"},\"author\":{\"name\":\"actfornow_www\",\"@id\":\"https:\/\/actfornow.fr\/en\/#\/schema\/person\/51bec62b74dd5fe31bbef3f0594921fe\"},\"headline\":\"Accueil\",\"datePublished\":\"2023-06-26T12:10:46+00:00\",\"dateModified\":\"2025-10-30T07:14:15+00:00\",\"mainEntityOfPage\":{\"@id\":\"https:\/\/actfornow.fr\/en\/\"},\"wordCount\":19,\"publisher\":{\"@id\":\"https:\/\/actfornow.fr\/en\/#organization\"},\"inLanguage\":\"en-US\"},{\"@type\":\"WebPage\",\"@id\":\"https:\/\/actfornow.fr\/en\/\",\"url\":\"https:\/\/actfornow.fr\/en\/\",\"name\":\"Accueil - Act For Now\",\"isPartOf\":{\"@id\":\"https:\/\/actfornow.fr\/en\/#website\"},\"datePublished\":\"2023-06-26T12:10:46+00:00\",\"dateModified\":\"2025-10-30T07:14:15+00:00\",\"breadcrumb\":{\"@id\":\"https:\/\/actfornow.fr\/en\/#breadcrumb\"},\"inLanguage\":\"en-US\",\"potentialAction\":[{\"@type\":\"ReadAction\",\"target\":[\"https:\/\/actfornow.fr\/en\/\"]}]},{\"@type\":\"BreadcrumbList\",\"@id\":\"https:\/\/actfornow.fr\/en\/#breadcrumb\",\"itemListElement\":[{\"@type\":\"ListItem\",\"position\":1,\"name\":\"Accueil\",\"item\":\"https:\/\/actfornow.fr\/en\/\"},{\"@type\":\"ListItem\",\"position\":2,\"name\":\"Accueil\"}]},{\"@type\":\"WebSite\",\"@id\":\"https:\/\/actfornow.fr\/en\/#website\",\"url\":\"https:\/\/actfornow.fr\/en\/\",\"name\":\"%sitename% - %title%\",\"description\":\"Conseil RSE \u00e0 Lyon et Grenoble\",\"publisher\":{\"@id\":\"https:\/\/actfornow.fr\/en\/#organization\"},\"potentialAction\":[{\"@type\":\"SearchAction\",\"target\":{\"@type\":\"EntryPoint\",\"urlTemplate\":\"https:\/\/actfornow.fr\/en\/?s={search_term_string}\"},\"query-input\":\"required name=search_term_string\"}],\"inLanguage\":\"en-US\"},{\"@type\":\"Organization\",\"@id\":\"https:\/\/actfornow.fr\/en\/#organization\",\"name\":\"Act For Now\",\"url\":\"https:\/\/actfornow.fr\/en\/\",\"logo\":{\"@type\":\"ImageObject\",\"inLanguage\":\"en-US\",\"@id\":\"https:\/\/actfornow.fr\/en\/#\/schema\/logo\/image\/\",\"url\":\"https:\/\/actfornow.fr\/wp-content\/uploads\/2023\/10\/LOGO-AFN-1.png\",\"contentUrl\":\"https:\/\/actfornow.fr\/wp-content\/uploads\/2023\/10\/LOGO-AFN-1.png\",\"width\":193,\"height\":51,\"caption\":\"Act For Now\"},\"image\":{\"@id\":\"https:\/\/actfornow.fr\/en\/#\/schema\/logo\/image\/\"},\"sameAs\":[\"https:\/\/www.linkedin.com\/company\/actfornow\/?originalSubdomain=fr\"]},{\"@type\":\"Person\",\"@id\":\"https:\/\/actfornow.fr\/en\/#\/schema\/person\/51bec62b74dd5fe31bbef3f0594921fe\",\"name\":\"actfornow_www\",\"image\":{\"@type\":\"ImageObject\",\"inLanguage\":\"en-US\",\"@id\":\"https:\/\/actfornow.fr\/en\/#\/schema\/person\/image\/\",\"url\":\"https:\/\/secure.gravatar.com\/avatar\/b14b091bca7117e8ef6dc7c04f8738d95107478e4983bceee26057fb28fb1f82?s=96&d=mm&r=g\",\"contentUrl\":\"https:\/\/secure.gravatar.com\/avatar\/b14b091bca7117e8ef6dc7c04f8738d95107478e4983bceee26057fb28fb1f82?s=96&d=mm&r=g\",\"caption\":\"actfornow_www\"},\"sameAs\":[\"https:\/\/actfornow.fr\"],\"url\":\"https:\/\/actfornow.fr\/en\/author\/actfornow_www\/\"}]}<\/script>\n<!-- \/ Yoast SEO plugin. -->","yoast_head_json":{"title":"Accueil - Act For Now","robots":{"index":"index","follow":"follow","max-snippet":"max-snippet:-1","max-image-preview":"max-image-preview:large","max-video-preview":"max-video-preview:-1"},"canonical":"https:\/\/actfornow.fr\/en\/","og_locale":"en_US","og_type":"article","og_title":"Accueil - Act For Now","og_description":"Our sustainability services","og_url":"https:\/\/actfornow.fr\/en\/","og_site_name":"Act For Now","article_modified_time":"2025-10-30T07:14:15+00:00","twitter_card":"summary_large_image","twitter_misc":{"Est. reading time":"1 minute"},"schema":{"@context":"https:\/\/schema.org","@graph":[{"@type":["Article","BlogPosting"],"@id":"https:\/\/actfornow.fr\/en\/#article","isPartOf":{"@id":"https:\/\/actfornow.fr\/en\/"},"author":{"name":"actfornow_www","@id":"https:\/\/actfornow.fr\/en\/#\/schema\/person\/51bec62b74dd5fe31bbef3f0594921fe"},"headline":"Accueil","datePublished":"2023-06-26T12:10:46+00:00","dateModified":"2025-10-30T07:14:15+00:00","mainEntityOfPage":{"@id":"https:\/\/actfornow.fr\/en\/"},"wordCount":19,"publisher":{"@id":"https:\/\/actfornow.fr\/en\/#organization"},"inLanguage":"en-US"},{"@type":"WebPage","@id":"https:\/\/actfornow.fr\/en\/","url":"https:\/\/actfornow.fr\/en\/","name":"Accueil - Act For Now","isPartOf":{"@id":"https:\/\/actfornow.fr\/en\/#website"},"datePublished":"2023-06-26T12:10:46+00:00","dateModified":"2025-10-30T07:14:15+00:00","breadcrumb":{"@id":"https:\/\/actfornow.fr\/en\/#breadcrumb"},"inLanguage":"en-US","potentialAction":[{"@type":"ReadAction","target":["https:\/\/actfornow.fr\/en\/"]}]},{"@type":"BreadcrumbList","@id":"https:\/\/actfornow.fr\/en\/#breadcrumb","itemListElement":[{"@type":"ListItem","position":1,"name":"Accueil","item":"https:\/\/actfornow.fr\/en\/"},{"@type":"ListItem","position":2,"name":"Accueil"}]},{"@type":"WebSite","@id":"https:\/\/actfornow.fr\/en\/#website","url":"https:\/\/actfornow.fr\/en\/","name":"%sitename% - %title%","description":"Conseil RSE \u00e0 Lyon et Grenoble","publisher":{"@id":"https:\/\/actfornow.fr\/en\/#organization"},"potentialAction":[{"@type":"SearchAction","target":{"@type":"EntryPoint","urlTemplate":"https:\/\/actfornow.fr\/en\/?s={search_term_string}"},"query-input":"required name=search_term_string"}],"inLanguage":"en-US"},{"@type":"Organization","@id":"https:\/\/actfornow.fr\/en\/#organization","name":"Act For Now","url":"https:\/\/actfornow.fr\/en\/","logo":{"@type":"ImageObject","inLanguage":"en-US","@id":"https:\/\/actfornow.fr\/en\/#\/schema\/logo\/image\/","url":"https:\/\/actfornow.fr\/wp-content\/uploads\/2023\/10\/LOGO-AFN-1.png","contentUrl":"https:\/\/actfornow.fr\/wp-content\/uploads\/2023\/10\/LOGO-AFN-1.png","width":193,"height":51,"caption":"Act For Now"},"image":{"@id":"https:\/\/actfornow.fr\/en\/#\/schema\/logo\/image\/"},"sameAs":["https:\/\/www.linkedin.com\/company\/actfornow\/?originalSubdomain=fr"]},{"@type":"Person","@id":"https:\/\/actfornow.fr\/en\/#\/schema\/person\/51bec62b74dd5fe31bbef3f0594921fe","name":"actfornow_www","image":{"@type":"ImageObject","inLanguage":"en-US","@id":"https:\/\/actfornow.fr\/en\/#\/schema\/person\/image\/","url":"https:\/\/secure.gravatar.com\/avatar\/b14b091bca7117e8ef6dc7c04f8738d95107478e4983bceee26057fb28fb1f82?s=96&d=mm&r=g","contentUrl":"https:\/\/secure.gravatar.com\/avatar\/b14b091bca7117e8ef6dc7c04f8738d95107478e4983bceee26057fb28fb1f82?s=96&d=mm&r=g","caption":"actfornow_www"},"sameAs":["https:\/\/actfornow.fr"],"url":"https:\/\/actfornow.fr\/en\/author\/actfornow_www\/"}]}},"_links":{"self":[{"href":"https:\/\/actfornow.fr\/en\/wp-json\/wp\/v2\/pages\/1708","targetHints":{"allow":["GET"]}}],"collection":[{"href":"https:\/\/actfornow.fr\/en\/wp-json\/wp\/v2\/pages"}],"about":[{"href":"https:\/\/actfornow.fr\/en\/wp-json\/wp\/v2\/types\/page"}],"author":[{"embeddable":true,"href":"https:\/\/actfornow.fr\/en\/wp-json\/wp\/v2\/users\/1"}],"replies":[{"embeddable":true,"href":"https:\/\/actfornow.fr\/en\/wp-json\/wp\/v2\/comments?post=1708"}],"version-history":[{"count":3,"href":"https:\/\/actfornow.fr\/en\/wp-json\/wp\/v2\/pages\/1708\/revisions"}],"predecessor-version":[{"id":8925,"href":"https:\/\/actfornow.fr\/en\/wp-json\/wp\/v2\/pages\/1708\/revisions\/8925"}],"wp:attachment":[{"href":"https:\/\/actfornow.fr\/en\/wp-json\/wp\/v2\/media?parent=1708"}],"curies":[{"name":"wp","href":"https:\/\/api.w.org\/{rel}","templated":true}]}}