{"id":1755,"date":"2023-09-11T09:05:01","date_gmt":"2023-09-11T07:05:01","guid":{"rendered":"https:\/\/actfornow.fr\/contactez-nous\/"},"modified":"2025-02-11T12:25:26","modified_gmt":"2025-02-11T11:25:26","slug":"contactez-nous","status":"publish","type":"page","link":"https:\/\/actfornow.fr\/en\/contactez-nous\/","title":{"rendered":"Contactez-nous"},"content":{"rendered":"<div class=\"grid grid-2 gap-60 \">\n<div>\n<h1>You need some advice about your ESG strategy?<\/h1>\n<p style=\"text-align: left;\">Fill out the following form to be contacted by one of our experts.<\/p>\n<p>&nbsp;<\/p>\n<p><img loading=\"lazy\" decoding=\"async\" class=\"alignnone wp-image-779\" src=\"https:\/\/actfornow.fr\/wp-content\/uploads\/2023\/09\/Picto_solution_regeneratif.svg\" alt=\"\" width=\"289\" height=\"289\" \/><\/p>\n<\/div>\n<div class=\"shadow-box border-radius-10 p40 pm10 container-medium mb20 mt40\">\n\n<div class=\"wpcf7 no-js\" id=\"wpcf7-f1787-o1\" lang=\"en-US\" dir=\"ltr\" data-wpcf7-id=\"1787\">\n<div class=\"screen-reader-response\"><p role=\"status\" aria-live=\"polite\" aria-atomic=\"true\"><\/p> <ul><\/ul><\/div>\n<form action=\"\/en\/wp-json\/wp\/v2\/pages\/1755#wpcf7-f1787-o1\" method=\"post\" class=\"wpcf7-form init\" aria-label=\"Contact form\" novalidate=\"novalidate\" data-status=\"init\">\n<fieldset class=\"hidden-fields-container\"><input type=\"hidden\" name=\"_wpcf7\" value=\"1787\" \/><input type=\"hidden\" name=\"_wpcf7_version\" value=\"6.1.5\" \/><input type=\"hidden\" name=\"_wpcf7_locale\" value=\"en_US\" \/><input type=\"hidden\" name=\"_wpcf7_unit_tag\" value=\"wpcf7-f1787-o1\" \/><input type=\"hidden\" name=\"_wpcf7_container_post\" value=\"0\" \/><input type=\"hidden\" name=\"_wpcf7_posted_data_hash\" value=\"\" \/><input type=\"hidden\" name=\"_wpcf7_recaptcha_response\" value=\"\" \/>\n<\/fieldset>\n<div class=\"formulaire-responsive\">\n\t<div class=\"formulaire-responsive-columns\">\n\t\t<div>\n\t\t\t<p><span class=\"wpcf7-form-control-wrap\" data-name=\"prenom\"><input size=\"40\" maxlength=\"400\" class=\"wpcf7-form-control wpcf7-text wpcf7-validates-as-required\" aria-required=\"true\" aria-invalid=\"false\" placeholder=\"First name (mandatory)\" value=\"\" type=\"text\" name=\"prenom\" \/><\/span><br \/>\n<span class=\"wpcf7-form-control-wrap\" data-name=\"email\"><input size=\"40\" maxlength=\"400\" class=\"wpcf7-form-control wpcf7-email wpcf7-validates-as-required wpcf7-text wpcf7-validates-as-email\" aria-required=\"true\" aria-invalid=\"false\" placeholder=\"Email (mandatory)\" value=\"\" type=\"email\" name=\"email\" \/><\/span>\n\t\t\t<\/p>\n\t\t<\/div>\n\t\t<div>\n\t\t\t<p><span class=\"wpcf7-form-control-wrap\" data-name=\"nom\"><input size=\"40\" maxlength=\"400\" class=\"wpcf7-form-control wpcf7-text wpcf7-validates-as-required\" aria-required=\"true\" aria-invalid=\"false\" placeholder=\"Last name (mandatory)\" value=\"\" type=\"text\" name=\"nom\" \/><\/span><br \/>\n<span class=\"wpcf7-form-control-wrap\" data-name=\"tel\"><input size=\"40\" maxlength=\"400\" class=\"wpcf7-form-control wpcf7-text\" aria-invalid=\"false\" placeholder=\"Phone number\" value=\"\" type=\"text\" name=\"tel\" \/><\/span>\n\t\t\t<\/p>\n\t\t<\/div>\n\t<\/div>\n\t<p><span class=\"wpcf7-form-control-wrap\" data-name=\"organisation\"><input size=\"40\" maxlength=\"400\" class=\"wpcf7-form-control wpcf7-text\" aria-invalid=\"false\" placeholder=\"Company\" value=\"\" type=\"text\" name=\"organisation\" \/><\/span><br \/>\n<span class=\"wpcf7-form-control-wrap\" data-name=\"message\"><textarea cols=\"40\" rows=\"10\" maxlength=\"2000\" class=\"wpcf7-form-control wpcf7-textarea\" aria-invalid=\"false\" placeholder=\"Your message ...\" name=\"message\"><\/textarea><\/span>\n\t<\/p>\n\t<p class=\"mt50 mb0\"><input class=\"wpcf7-form-control wpcf7-submit has-spinner\" type=\"submit\" value=\"Submit\" \/>\n\t<\/p>\n<\/div><div class=\"wpcf7-response-output\" aria-hidden=\"true\"><\/div>\n<\/form>\n<\/div>\n\n<\/div>\n<\/div>\n\t<!--[bloc_logos]-->\r\n\t<section class=\"bloc bloc_logos container pv30 align-center\">\r\n\t\t\t<h3 class=\"color-violet\">They already trust us !<\/h3>\r\n\t\t<h2 class=\"\">References<\/h2>\r\n\t\t\t<div class=\"bloc_logos_items_container p20\">\r\n\t\t\t<div class=\"bloc_logos_items flex flex-wrap flex-centerv flex-centerh gap-20\">\r\n\t\t\t\t\t\t\t\t\t\r\n\t\t\t\t\t\r\n\t\t\t\t\t<img loading=\"lazy\" decoding=\"async\" width=\"209\" height=\"80\" src=\"https:\/\/actfornow.fr\/wp-content\/uploads\/2023\/08\/Logo_client_AXA.png\" class=\"bloc_logos_items_image m10\" alt=\"\" title=\"Logo_client_AXA\" \/>\t\t\t\t\t\r\n\t\t\t\t\t\r\n\t\t\t\t\t\t\t\t\t\r\n\t\t\t\t\t\r\n\t\t\t\t\t<img loading=\"lazy\" decoding=\"async\" width=\"108\" height=\"44\" src=\"https:\/\/actfornow.fr\/wp-content\/uploads\/2023\/06\/maison-du-monde-logo.png\" class=\"bloc_logos_items_image m10\" alt=\"\" title=\"maison du monde logo\" \/>\t\t\t\t\t\r\n\t\t\t\t\t\r\n\t\t\t\t\t\t\t\t\t\r\n\t\t\t\t\t\r\n\t\t\t\t\t<img loading=\"lazy\" decoding=\"async\" width=\"130\" height=\"80\" src=\"https:\/\/actfornow.fr\/wp-content\/uploads\/2023\/08\/Logo_Universite_Grenoble_Alpes_2020.svg.png\" class=\"bloc_logos_items_image m10\" alt=\"UGA\" title=\"Logo_Universit\u00e9_Grenoble_Alpes_2020.svg\" \/>\t\t\t\t\t\r\n\t\t\t\t\t\r\n\t\t\t\t\t\t\t\t\t\r\n\t\t\t\t\t\r\n\t\t\t\t\t<img loading=\"lazy\" decoding=\"async\" width=\"154\" height=\"80\" src=\"https:\/\/actfornow.fr\/wp-content\/uploads\/2023\/09\/logo_OMG.png\" class=\"bloc_logos_items_image m10\" alt=\"\" title=\"logo_OMG\" \/>\t\t\t\t\t\r\n\t\t\t\t\t\r\n\t\t\t\t\t\t\t\t\t\r\n\t\t\t\t\t\r\n\t\t\t\t\t<img loading=\"lazy\" decoding=\"async\" width=\"229\" height=\"80\" src=\"https:\/\/actfornow.fr\/wp-content\/uploads\/2023\/11\/logo_metropole.png\" class=\"bloc_logos_items_image m10\" alt=\"\" title=\"logo_metropole\" \/>\t\t\t\t\t\r\n\t\t\t\t\t\r\n\t\t\t\t\t\t\t\t\t\r\n\t\t\t\t\t\r\n\t\t\t\t\t<img loading=\"lazy\" decoding=\"async\" width=\"186\" height=\"80\" src=\"https:\/\/actfornow.fr\/wp-content\/uploads\/2023\/08\/lejTqIFugtGNxusmHAjvZUnJaUBVz80CYhdQpnQv-e1699613493717.png\" class=\"bloc_logos_items_image m10\" alt=\"\" title=\"FrancePB\" \/>\t\t\t\t\t\r\n\t\t\t\t\t\r\n\t\t\t\t\t\t\t\t\t\r\n\t\t\t\t\t\r\n\t\t\t\t\t<img loading=\"lazy\" decoding=\"async\" width=\"237\" height=\"80\" src=\"https:\/\/actfornow.fr\/wp-content\/uploads\/2023\/11\/Logo_trajectoire_tourisme.png\" class=\"bloc_logos_items_image m10\" alt=\"\" title=\"Logo_trajectoire_tourisme\" \/>\t\t\t\t\t\r\n\t\t\t\t\t\r\n\t\t\t\t\t\t\t\t\t\r\n\t\t\t\t\t\r\n\t\t\t\t\t<img loading=\"lazy\" decoding=\"async\" width=\"288\" height=\"80\" src=\"https:\/\/actfornow.fr\/wp-content\/uploads\/2023\/11\/1280px-Logo_Vinci.svg.png\" class=\"bloc_logos_items_image m10\" alt=\"\" title=\"1280px-Logo_Vinci.svg\" \/>\t\t\t\t\t\r\n\t\t\t\t\t\r\n\t\t\t\t\t\t\t\t\t\r\n\t\t\t\t\t\r\n\t\t\t\t\t<img loading=\"lazy\" decoding=\"async\" width=\"238\" height=\"80\" src=\"https:\/\/actfornow.fr\/wp-content\/uploads\/2023\/11\/1200px-Engie_logo.svg.png\" class=\"bloc_logos_items_image m10\" alt=\"\" title=\"engie_logo.svg\" \/>\t\t\t\t\t\r\n\t\t\t\t\t\r\n\t\t\t\t\t\t\t\t\r\n\t\t\t<\/div>\r\n\t\t\t\r\n\t\t<\/div>\r\n\t\t\r\n\t<\/section>\r\n    \n<p style=\"text-align: center;\"><a class=\"btn\" href=\"\/qui-sommes-nous\/nos-references\/\">D\u00e9couvrir nos r\u00e9f\u00e9rences<\/a><\/p>\n","protected":false},"excerpt":{"rendered":"<p>You need some advice about your ESG strategy? Fill out the following form to be contacted by one of our experts. &nbsp; D\u00e9couvrir nos r\u00e9f\u00e9rences<\/p>\n","protected":false},"author":124,"featured_media":1465,"parent":0,"menu_order":0,"comment_status":"closed","ping_status":"closed","template":"page-type.php","meta":{"_acf_changed":false,"iawp_total_views":157,"footnotes":""},"class_list":["post-1755","page","type-page","status-publish","has-post-thumbnail","hentry"],"acf":[],"yoast_head":"<!-- This site is optimized with the Yoast SEO plugin v21.6 - https:\/\/yoast.com\/wordpress\/plugins\/seo\/ -->\n<title>Contactez-nous - Act For Now<\/title>\n<meta name=\"robots\" content=\"index, follow, max-snippet:-1, max-image-preview:large, max-video-preview:-1\" \/>\n<link rel=\"canonical\" href=\"https:\/\/actfornow.fr\/en\/contactez-nous\/\" \/>\n<meta property=\"og:locale\" content=\"en_US\" \/>\n<meta property=\"og:type\" content=\"article\" \/>\n<meta property=\"og:title\" content=\"Contactez-nous - Act For Now\" \/>\n<meta property=\"og:description\" content=\"You need some advice about your ESG strategy? Fill out the following form to be contacted by one of our experts. &nbsp; D\u00e9couvrir nos r\u00e9f\u00e9rences\" \/>\n<meta property=\"og:url\" content=\"https:\/\/actfornow.fr\/en\/contactez-nous\/\" \/>\n<meta property=\"og:site_name\" content=\"Act For Now\" \/>\n<meta property=\"article:modified_time\" content=\"2025-02-11T11:25:26+00:00\" \/>\n<meta name=\"twitter:card\" content=\"summary_large_image\" \/>\n<meta name=\"twitter:image\" content=\"https:\/\/actfornow.fr\/wp-content\/uploads\/2023\/09\/Picto_solution_barometre.svg\" \/>\n<meta name=\"twitter:label1\" content=\"Est. reading time\" \/>\n\t<meta name=\"twitter:data1\" content=\"1 minute\" \/>\n<script type=\"application\/ld+json\" class=\"yoast-schema-graph\">{\"@context\":\"https:\/\/schema.org\",\"@graph\":[{\"@type\":[\"Article\",\"BlogPosting\"],\"@id\":\"https:\/\/actfornow.fr\/en\/contactez-nous\/#article\",\"isPartOf\":{\"@id\":\"https:\/\/actfornow.fr\/en\/contactez-nous\/\"},\"author\":{\"name\":\"Marine Bailly\",\"@id\":\"https:\/\/actfornow.fr\/en\/#\/schema\/person\/20e98064fad9191b437e9db89126feff\"},\"headline\":\"Contactez-nous\",\"datePublished\":\"2023-09-11T07:05:01+00:00\",\"dateModified\":\"2025-02-11T11:25:26+00:00\",\"mainEntityOfPage\":{\"@id\":\"https:\/\/actfornow.fr\/en\/contactez-nous\/\"},\"wordCount\":41,\"publisher\":{\"@id\":\"https:\/\/actfornow.fr\/en\/#organization\"},\"inLanguage\":\"en-US\"},{\"@type\":\"WebPage\",\"@id\":\"https:\/\/actfornow.fr\/en\/contactez-nous\/\",\"url\":\"https:\/\/actfornow.fr\/en\/contactez-nous\/\",\"name\":\"Contactez-nous - Act For Now\",\"isPartOf\":{\"@id\":\"https:\/\/actfornow.fr\/en\/#website\"},\"datePublished\":\"2023-09-11T07:05:01+00:00\",\"dateModified\":\"2025-02-11T11:25:26+00:00\",\"breadcrumb\":{\"@id\":\"https:\/\/actfornow.fr\/en\/contactez-nous\/#breadcrumb\"},\"inLanguage\":\"en-US\",\"potentialAction\":[{\"@type\":\"ReadAction\",\"target\":[\"https:\/\/actfornow.fr\/en\/contactez-nous\/\"]}]},{\"@type\":\"BreadcrumbList\",\"@id\":\"https:\/\/actfornow.fr\/en\/contactez-nous\/#breadcrumb\",\"itemListElement\":[{\"@type\":\"ListItem\",\"position\":1,\"name\":\"Accueil\",\"item\":\"https:\/\/actfornow.fr\/en\/\"},{\"@type\":\"ListItem\",\"position\":2,\"name\":\"Contactez-nous\"}]},{\"@type\":\"WebSite\",\"@id\":\"https:\/\/actfornow.fr\/en\/#website\",\"url\":\"https:\/\/actfornow.fr\/en\/\",\"name\":\"%sitename% - %title%\",\"description\":\"Conseil RSE \u00e0 Lyon et Grenoble\",\"publisher\":{\"@id\":\"https:\/\/actfornow.fr\/en\/#organization\"},\"potentialAction\":[{\"@type\":\"SearchAction\",\"target\":{\"@type\":\"EntryPoint\",\"urlTemplate\":\"https:\/\/actfornow.fr\/en\/?s={search_term_string}\"},\"query-input\":\"required name=search_term_string\"}],\"inLanguage\":\"en-US\"},{\"@type\":\"Organization\",\"@id\":\"https:\/\/actfornow.fr\/en\/#organization\",\"name\":\"Act For Now\",\"url\":\"https:\/\/actfornow.fr\/en\/\",\"logo\":{\"@type\":\"ImageObject\",\"inLanguage\":\"en-US\",\"@id\":\"https:\/\/actfornow.fr\/en\/#\/schema\/logo\/image\/\",\"url\":\"https:\/\/actfornow.fr\/wp-content\/uploads\/2023\/10\/LOGO-AFN-1.png\",\"contentUrl\":\"https:\/\/actfornow.fr\/wp-content\/uploads\/2023\/10\/LOGO-AFN-1.png\",\"width\":193,\"height\":51,\"caption\":\"Act For Now\"},\"image\":{\"@id\":\"https:\/\/actfornow.fr\/en\/#\/schema\/logo\/image\/\"},\"sameAs\":[\"https:\/\/www.linkedin.com\/company\/actfornow\/?originalSubdomain=fr\"]},{\"@type\":\"Person\",\"@id\":\"https:\/\/actfornow.fr\/en\/#\/schema\/person\/20e98064fad9191b437e9db89126feff\",\"name\":\"Marine Bailly\",\"image\":{\"@type\":\"ImageObject\",\"inLanguage\":\"en-US\",\"@id\":\"https:\/\/actfornow.fr\/en\/#\/schema\/person\/image\/\",\"url\":\"https:\/\/secure.gravatar.com\/avatar\/40f4d0295384e658053a6d118bf98f4b9f4ba8b570a6962cbd61100261407dc9?s=96&d=mm&r=g\",\"contentUrl\":\"https:\/\/secure.gravatar.com\/avatar\/40f4d0295384e658053a6d118bf98f4b9f4ba8b570a6962cbd61100261407dc9?s=96&d=mm&r=g\",\"caption\":\"Marine Bailly\"},\"url\":\"https:\/\/actfornow.fr\/en\/author\/mbailly\/\"}]}<\/script>\n<!-- \/ Yoast SEO plugin. -->","yoast_head_json":{"title":"Contactez-nous - Act For Now","robots":{"index":"index","follow":"follow","max-snippet":"max-snippet:-1","max-image-preview":"max-image-preview:large","max-video-preview":"max-video-preview:-1"},"canonical":"https:\/\/actfornow.fr\/en\/contactez-nous\/","og_locale":"en_US","og_type":"article","og_title":"Contactez-nous - Act For Now","og_description":"You need some advice about your ESG strategy? Fill out the following form to be contacted by one of our experts. &nbsp; D\u00e9couvrir nos r\u00e9f\u00e9rences","og_url":"https:\/\/actfornow.fr\/en\/contactez-nous\/","og_site_name":"Act For Now","article_modified_time":"2025-02-11T11:25:26+00:00","twitter_card":"summary_large_image","twitter_image":"https:\/\/actfornow.fr\/wp-content\/uploads\/2023\/09\/Picto_solution_barometre.svg","twitter_misc":{"Est. reading time":"1 minute"},"schema":{"@context":"https:\/\/schema.org","@graph":[{"@type":["Article","BlogPosting"],"@id":"https:\/\/actfornow.fr\/en\/contactez-nous\/#article","isPartOf":{"@id":"https:\/\/actfornow.fr\/en\/contactez-nous\/"},"author":{"name":"Marine Bailly","@id":"https:\/\/actfornow.fr\/en\/#\/schema\/person\/20e98064fad9191b437e9db89126feff"},"headline":"Contactez-nous","datePublished":"2023-09-11T07:05:01+00:00","dateModified":"2025-02-11T11:25:26+00:00","mainEntityOfPage":{"@id":"https:\/\/actfornow.fr\/en\/contactez-nous\/"},"wordCount":41,"publisher":{"@id":"https:\/\/actfornow.fr\/en\/#organization"},"inLanguage":"en-US"},{"@type":"WebPage","@id":"https:\/\/actfornow.fr\/en\/contactez-nous\/","url":"https:\/\/actfornow.fr\/en\/contactez-nous\/","name":"Contactez-nous - Act For Now","isPartOf":{"@id":"https:\/\/actfornow.fr\/en\/#website"},"datePublished":"2023-09-11T07:05:01+00:00","dateModified":"2025-02-11T11:25:26+00:00","breadcrumb":{"@id":"https:\/\/actfornow.fr\/en\/contactez-nous\/#breadcrumb"},"inLanguage":"en-US","potentialAction":[{"@type":"ReadAction","target":["https:\/\/actfornow.fr\/en\/contactez-nous\/"]}]},{"@type":"BreadcrumbList","@id":"https:\/\/actfornow.fr\/en\/contactez-nous\/#breadcrumb","itemListElement":[{"@type":"ListItem","position":1,"name":"Accueil","item":"https:\/\/actfornow.fr\/en\/"},{"@type":"ListItem","position":2,"name":"Contactez-nous"}]},{"@type":"WebSite","@id":"https:\/\/actfornow.fr\/en\/#website","url":"https:\/\/actfornow.fr\/en\/","name":"%sitename% - %title%","description":"Conseil RSE \u00e0 Lyon et Grenoble","publisher":{"@id":"https:\/\/actfornow.fr\/en\/#organization"},"potentialAction":[{"@type":"SearchAction","target":{"@type":"EntryPoint","urlTemplate":"https:\/\/actfornow.fr\/en\/?s={search_term_string}"},"query-input":"required name=search_term_string"}],"inLanguage":"en-US"},{"@type":"Organization","@id":"https:\/\/actfornow.fr\/en\/#organization","name":"Act For Now","url":"https:\/\/actfornow.fr\/en\/","logo":{"@type":"ImageObject","inLanguage":"en-US","@id":"https:\/\/actfornow.fr\/en\/#\/schema\/logo\/image\/","url":"https:\/\/actfornow.fr\/wp-content\/uploads\/2023\/10\/LOGO-AFN-1.png","contentUrl":"https:\/\/actfornow.fr\/wp-content\/uploads\/2023\/10\/LOGO-AFN-1.png","width":193,"height":51,"caption":"Act For Now"},"image":{"@id":"https:\/\/actfornow.fr\/en\/#\/schema\/logo\/image\/"},"sameAs":["https:\/\/www.linkedin.com\/company\/actfornow\/?originalSubdomain=fr"]},{"@type":"Person","@id":"https:\/\/actfornow.fr\/en\/#\/schema\/person\/20e98064fad9191b437e9db89126feff","name":"Marine Bailly","image":{"@type":"ImageObject","inLanguage":"en-US","@id":"https:\/\/actfornow.fr\/en\/#\/schema\/person\/image\/","url":"https:\/\/secure.gravatar.com\/avatar\/40f4d0295384e658053a6d118bf98f4b9f4ba8b570a6962cbd61100261407dc9?s=96&d=mm&r=g","contentUrl":"https:\/\/secure.gravatar.com\/avatar\/40f4d0295384e658053a6d118bf98f4b9f4ba8b570a6962cbd61100261407dc9?s=96&d=mm&r=g","caption":"Marine Bailly"},"url":"https:\/\/actfornow.fr\/en\/author\/mbailly\/"}]}},"_links":{"self":[{"href":"https:\/\/actfornow.fr\/en\/wp-json\/wp\/v2\/pages\/1755","targetHints":{"allow":["GET"]}}],"collection":[{"href":"https:\/\/actfornow.fr\/en\/wp-json\/wp\/v2\/pages"}],"about":[{"href":"https:\/\/actfornow.fr\/en\/wp-json\/wp\/v2\/types\/page"}],"author":[{"embeddable":true,"href":"https:\/\/actfornow.fr\/en\/wp-json\/wp\/v2\/users\/124"}],"replies":[{"embeddable":true,"href":"https:\/\/actfornow.fr\/en\/wp-json\/wp\/v2\/comments?post=1755"}],"version-history":[{"count":13,"href":"https:\/\/actfornow.fr\/en\/wp-json\/wp\/v2\/pages\/1755\/revisions"}],"predecessor-version":[{"id":7308,"href":"https:\/\/actfornow.fr\/en\/wp-json\/wp\/v2\/pages\/1755\/revisions\/7308"}],"wp:featuredmedia":[{"embeddable":true,"href":"https:\/\/actfornow.fr\/en\/wp-json\/wp\/v2\/media\/1465"}],"wp:attachment":[{"href":"https:\/\/actfornow.fr\/en\/wp-json\/wp\/v2\/media?parent=1755"}],"curies":[{"name":"wp","href":"https:\/\/api.w.org\/{rel}","templated":true}]}}